{"id":4184,"date":"2022-11-03T22:51:50","date_gmt":"2022-11-03T22:51:50","guid":{"rendered":"https:\/\/ateca.cl\/?page_id=4184"},"modified":"2022-11-14T15:22:41","modified_gmt":"2022-11-14T15:22:41","slug":"te-pasaste-la-pelicula-o-te-hiciste-la-america","status":"publish","type":"page","link":"https:\/\/ateca.cl\/index.php\/companias\/sociedad-anonima\/te-pasaste-la-pelicula-o-te-hiciste-la-america\/","title":{"rendered":"Te pasaste la pel\u00edcula o te hiciste la Am\u00e9rica"},"content":{"rendered":"\t\t<div data-elementor-type=\"wp-page\" data-elementor-id=\"4184\" class=\"elementor elementor-4184\">\n\t\t\t\t\t\t\t\t\t<section class=\"elementor-section elementor-top-section elementor-element elementor-element-2ecd4437 elementor-section-full_width elementor-section-height-default elementor-section-height-default\" data-id=\"2ecd4437\" data-element_type=\"section\">\n\t\t\t\t\t\t<div class=\"elementor-container elementor-column-gap-default\">\n\t\t\t\t\t<div class=\"elementor-column elementor-col-100 elementor-top-column elementor-element elementor-element-8a5d280\" data-id=\"8a5d280\" data-element_type=\"column\">\n\t\t\t<div class=\"elementor-widget-wrap\">\n\t\t\t\t\t\t\t\t\t<\/div>\n\t\t<\/div>\n\t\t\t\t\t\t\t<\/div>\n\t\t<\/section>\n\t\t\t\t<section class=\"elementor-section elementor-top-section elementor-element elementor-element-505ad457 elementor-section-boxed elementor-section-height-default elementor-section-height-default\" data-id=\"505ad457\" data-element_type=\"section\">\n\t\t\t\t\t\t<div class=\"elementor-container elementor-column-gap-default\">\n\t\t\t\t\t<div class=\"elementor-column elementor-col-50 elementor-top-column elementor-element elementor-element-2a961ae7\" data-id=\"2a961ae7\" data-element_type=\"column\">\n\t\t\t<div class=\"elementor-widget-wrap elementor-element-populated\">\n\t\t\t\t\t\t\t\t<div class=\"elementor-element elementor-element-5c80479b elementor-widget elementor-widget-theme-post-title elementor-page-title elementor-widget-heading\" data-id=\"5c80479b\" data-element_type=\"widget\" data-widget_type=\"theme-post-title.default\">\n\t\t\t\t<div class=\"elementor-widget-container\">\n\t\t\t<style>\/*! elementor - v3.10.1 - 17-01-2023 *\/\n.elementor-heading-title{padding:0;margin:0;line-height:1}.elementor-widget-heading .elementor-heading-title[class*=elementor-size-]>a{color:inherit;font-size:inherit;line-height:inherit}.elementor-widget-heading .elementor-heading-title.elementor-size-small{font-size:15px}.elementor-widget-heading .elementor-heading-title.elementor-size-medium{font-size:19px}.elementor-widget-heading .elementor-heading-title.elementor-size-large{font-size:29px}.elementor-widget-heading .elementor-heading-title.elementor-size-xl{font-size:39px}.elementor-widget-heading .elementor-heading-title.elementor-size-xxl{font-size:59px}<\/style><h1 class=\"elementor-heading-title elementor-size-default\">Te pasaste la pel\u00edcula o te hiciste la Am\u00e9rica<\/h1>\t\t<\/div>\n\t\t\t\t<\/div>\n\t\t\t\t<div class=\"elementor-element elementor-element-1a9224e6 elementor-widget elementor-widget-text-editor\" data-id=\"1a9224e6\" data-element_type=\"widget\" data-widget_type=\"text-editor.default\">\n\t\t\t\t<div class=\"elementor-widget-container\">\n\t\t\t<style>\/*! elementor - v3.10.1 - 17-01-2023 *\/\n.elementor-widget-text-editor.elementor-drop-cap-view-stacked .elementor-drop-cap{background-color:#818a91;color:#fff}.elementor-widget-text-editor.elementor-drop-cap-view-framed .elementor-drop-cap{color:#818a91;border:3px solid;background-color:transparent}.elementor-widget-text-editor:not(.elementor-drop-cap-view-default) .elementor-drop-cap{margin-top:8px}.elementor-widget-text-editor:not(.elementor-drop-cap-view-default) .elementor-drop-cap-letter{width:1em;height:1em}.elementor-widget-text-editor .elementor-drop-cap{float:left;text-align:center;line-height:1;font-size:50px}.elementor-widget-text-editor .elementor-drop-cap-letter{display:inline-block}<\/style>\t\t\t\t<p><span style=\"font-size: 13px; color: #000000; font-weight: normal; text-decoration: none; font-family: 'Arial'; font-style: normal; text-decoration-skip-ink: none;\"><strong>Teatristas:<\/strong> Roberto Pablo, Pablo Fai\u00f1a, Gloria Salgado, Sergio Pineda, Cecilia Canto<\/span><\/p>\t\t\t\t\t\t<\/div>\n\t\t\t\t<\/div>\n\t\t\t\t\t<\/div>\n\t\t<\/div>\n\t\t\t\t<div class=\"elementor-column elementor-col-50 elementor-top-column elementor-element elementor-element-530e1931\" data-id=\"530e1931\" data-element_type=\"column\">\n\t\t\t<div class=\"elementor-widget-wrap\">\n\t\t\t\t\t\t\t\t\t<\/div>\n\t\t<\/div>\n\t\t\t\t\t\t\t<\/div>\n\t\t<\/section>\n\t\t\t\t<section class=\"elementor-section elementor-top-section elementor-element elementor-element-15556036 elementor-section-boxed elementor-section-height-default elementor-section-height-default\" data-id=\"15556036\" data-element_type=\"section\">\n\t\t\t\t\t\t<div class=\"elementor-container elementor-column-gap-default\">\n\t\t\t\t\t<div class=\"elementor-column elementor-col-100 elementor-top-column elementor-element elementor-element-3564a854\" data-id=\"3564a854\" data-element_type=\"column\">\n\t\t\t<div class=\"elementor-widget-wrap elementor-element-populated\">\n\t\t\t\t\t\t\t\t<div class=\"elementor-element elementor-element-43f33c92 elementor-widget elementor-widget-heading\" data-id=\"43f33c92\" data-element_type=\"widget\" data-widget_type=\"heading.default\">\n\t\t\t\t<div class=\"elementor-widget-container\">\n\t\t\t<h2 class=\"elementor-heading-title elementor-size-default\">Registros fotogr\u00e1ficos<\/h2>\t\t<\/div>\n\t\t\t\t<\/div>\n\t\t\t\t<div class=\"elementor-element elementor-element-7a2733f2 elementor-grid-3 elementor-grid-tablet-2 elementor-grid-mobile-1 elementor-widget elementor-widget-portfolio\" data-id=\"7a2733f2\" data-element_type=\"widget\" data-settings=\"{&quot;row_gap&quot;:{&quot;unit&quot;:&quot;px&quot;,&quot;size&quot;:10,&quot;sizes&quot;:[]},&quot;columns&quot;:&quot;3&quot;,&quot;columns_tablet&quot;:&quot;2&quot;,&quot;columns_mobile&quot;:&quot;1&quot;,&quot;item_ratio&quot;:{&quot;unit&quot;:&quot;px&quot;,&quot;size&quot;:0.66,&quot;sizes&quot;:[]},&quot;item_gap&quot;:{&quot;unit&quot;:&quot;px&quot;,&quot;size&quot;:&quot;&quot;,&quot;sizes&quot;:[]}}\" data-widget_type=\"portfolio.default\">\n\t\t\t\t<div class=\"elementor-widget-container\">\n\t\t\t<link rel=\"stylesheet\" href=\"https:\/\/ateca.cl\/wp-content\/plugins\/elementor-pro\/assets\/css\/widget-posts.min.css\">\t\t<div class=\"elementor-portfolio elementor-grid elementor-posts-container\">\n\t\t\t\t<article class=\"elementor-portfolio-item elementor-post  post-4578 post type-post status-publish format-standard has-post-thumbnail hentry category-sociedad-anonima ciudad-santiago obra-te-pasaste-la-pelicula-o-te-hiciste-la-america ano-179 escenario-paseo-ahumada-con-huerfanos\">\n\t\t\t<a class=\"elementor-post__thumbnail__link\" href=\"https:\/\/ateca.cl\/index.php\/2022\/11\/14\/fotografia-de-te-pasaste-la-pelicula-o-te-hiciste-la-america\/\">\n\t\t\t\t<div class=\"elementor-portfolio-item__img elementor-post__thumbnail\">\n\t\t\t<img loading=\"lazy\" decoding=\"async\" width=\"720\" height=\"510\" src=\"https:\/\/ateca.cl\/wp-content\/uploads\/2022\/11\/ATECA_06_01_01.jpg\" class=\"attachment-medium_large size-medium_large wp-image-4579\" alt=\"\" srcset=\"https:\/\/ateca.cl\/wp-content\/uploads\/2022\/11\/ATECA_06_01_01.jpg 720w, https:\/\/ateca.cl\/wp-content\/uploads\/2022\/11\/ATECA_06_01_01-300x213.jpg 300w\" sizes=\"auto, (max-width: 720px) 100vw, 720px\" \/>\t\t<\/div>\n\t\t\t\t<div class=\"elementor-portfolio-item__overlay\">\n\t\t\t\t<h3 class=\"elementor-portfolio-item__title\">\n\t\tFotograf\u00eda de Te pasaste la pel\u00edcula o te hiciste la Am\u00e9rica\t\t<\/h3>\n\t\t\t\t<\/div>\n\t\t\t\t<\/a>\n\t\t<\/article>\n\t\t\t\t<article class=\"elementor-portfolio-item elementor-post  post-4587 post type-post status-publish format-standard has-post-thumbnail hentry category-sociedad-anonima ciudad-santiago obra-te-pasaste-la-pelicula-o-te-hiciste-la-america ano-179 escenario-paseo-ahumada-con-huerfanos\">\n\t\t\t<a class=\"elementor-post__thumbnail__link\" href=\"https:\/\/ateca.cl\/index.php\/2022\/11\/14\/fotografia-de-te-pasaste-la-pelicula-o-te-hiciste-la-america-2\/\">\n\t\t\t\t<div class=\"elementor-portfolio-item__img elementor-post__thumbnail\">\n\t\t\t<img loading=\"lazy\" decoding=\"async\" width=\"720\" height=\"500\" src=\"https:\/\/ateca.cl\/wp-content\/uploads\/2022\/11\/ATECA_06_01_02.jpg\" class=\"attachment-medium_large size-medium_large wp-image-4588\" alt=\"\" srcset=\"https:\/\/ateca.cl\/wp-content\/uploads\/2022\/11\/ATECA_06_01_02.jpg 720w, https:\/\/ateca.cl\/wp-content\/uploads\/2022\/11\/ATECA_06_01_02-300x208.jpg 300w\" sizes=\"auto, (max-width: 720px) 100vw, 720px\" \/>\t\t<\/div>\n\t\t\t\t<div class=\"elementor-portfolio-item__overlay\">\n\t\t\t\t<h3 class=\"elementor-portfolio-item__title\">\n\t\tFotograf\u00eda de Te pasaste la pel\u00edcula o te hiciste la Am\u00e9rica 2\t\t<\/h3>\n\t\t\t\t<\/div>\n\t\t\t\t<\/a>\n\t\t<\/article>\n\t\t\t\t<article class=\"elementor-portfolio-item elementor-post  post-4590 post type-post status-publish format-standard has-post-thumbnail hentry category-sociedad-anonima ciudad-santiago obra-te-pasaste-la-pelicula-o-te-hiciste-la-america ano-179 escenario-paseo-ahumada-con-huerfanos\">\n\t\t\t<a class=\"elementor-post__thumbnail__link\" href=\"https:\/\/ateca.cl\/index.php\/2022\/11\/14\/fotografia-de-te-pasaste-la-pelicula-o-te-hiciste-la-america-3\/\">\n\t\t\t\t<div class=\"elementor-portfolio-item__img elementor-post__thumbnail\">\n\t\t\t<img loading=\"lazy\" decoding=\"async\" width=\"494\" height=\"720\" src=\"https:\/\/ateca.cl\/wp-content\/uploads\/2022\/11\/ATECA_06_01_03.jpg\" class=\"attachment-medium_large size-medium_large wp-image-4591\" alt=\"\" srcset=\"https:\/\/ateca.cl\/wp-content\/uploads\/2022\/11\/ATECA_06_01_03.jpg 494w, https:\/\/ateca.cl\/wp-content\/uploads\/2022\/11\/ATECA_06_01_03-206x300.jpg 206w\" sizes=\"auto, (max-width: 494px) 100vw, 494px\" \/>\t\t<\/div>\n\t\t\t\t<div class=\"elementor-portfolio-item__overlay\">\n\t\t\t\t<h3 class=\"elementor-portfolio-item__title\">\n\t\tFotograf\u00eda de Te pasaste la pel\u00edcula o te hiciste la Am\u00e9rica 3\t\t<\/h3>\n\t\t\t\t<\/div>\n\t\t\t\t<\/a>\n\t\t<\/article>\n\t\t\t\t<article class=\"elementor-portfolio-item elementor-post  post-4593 post type-post status-publish format-standard has-post-thumbnail hentry category-sociedad-anonima ciudad-santiago obra-te-pasaste-la-pelicula-o-te-hiciste-la-america ano-179 escenario-paseo-ahumada-con-huerfanos\">\n\t\t\t<a class=\"elementor-post__thumbnail__link\" href=\"https:\/\/ateca.cl\/index.php\/2022\/11\/14\/fotografia-de-te-pasaste-la-pelicula-o-te-hiciste-la-america-4\/\">\n\t\t\t\t<div class=\"elementor-portfolio-item__img elementor-post__thumbnail\">\n\t\t\t<img loading=\"lazy\" decoding=\"async\" width=\"502\" height=\"720\" src=\"https:\/\/ateca.cl\/wp-content\/uploads\/2022\/11\/ATECA_06_01_04.jpg\" class=\"attachment-medium_large size-medium_large wp-image-4594\" alt=\"\" srcset=\"https:\/\/ateca.cl\/wp-content\/uploads\/2022\/11\/ATECA_06_01_04.jpg 502w, https:\/\/ateca.cl\/wp-content\/uploads\/2022\/11\/ATECA_06_01_04-209x300.jpg 209w\" sizes=\"auto, (max-width: 502px) 100vw, 502px\" \/>\t\t<\/div>\n\t\t\t\t<div class=\"elementor-portfolio-item__overlay\">\n\t\t\t\t<h3 class=\"elementor-portfolio-item__title\">\n\t\tFotograf\u00eda de Te pasaste la pel\u00edcula o te hiciste la Am\u00e9rica 4\t\t<\/h3>\n\t\t\t\t<\/div>\n\t\t\t\t<\/a>\n\t\t<\/article>\n\t\t\t\t<\/div>\n\t\t\t\t<\/div>\n\t\t\t\t<\/div>\n\t\t\t\t\t<\/div>\n\t\t<\/div>\n\t\t\t\t\t\t\t<\/div>\n\t\t<\/section>\n\t\t\t\t\t\t\t<\/div>\n\t\t","protected":false},"excerpt":{"rendered":"<p>Teatristas: Roberto Pablo, Pablo Fai\u00f1a, Gloria Salgado, Sergio Pineda, Cecilia Canto Registros fotogr\u00e1ficos<\/p>\n","protected":false},"author":1,"featured_media":2870,"parent":49,"menu_order":0,"comment_status":"closed","ping_status":"closed","template":"elementor_header_footer","meta":{"_acf_changed":false,"footnotes":""},"categories":[45],"tags":[],"ciudad":[54],"obra":[206],"ano":[179],"credito":[204],"procedencia":[205],"codigo":[],"escenario":[203],"class_list":["post-4184","page","type-page","status-publish","has-post-thumbnail","hentry","category-sociedad-anonima","ciudad-santiago","obra-te-pasaste-la-pelicula-o-te-hiciste-la-america","ano-179","credito-roberto-pablo","procedencia-roberto-pablo","escenario-paseo-ahumada-con-huerfanos"],"acf":[],"_links":{"self":[{"href":"https:\/\/ateca.cl\/index.php\/wp-json\/wp\/v2\/pages\/4184","targetHints":{"allow":["GET"]}}],"collection":[{"href":"https:\/\/ateca.cl\/index.php\/wp-json\/wp\/v2\/pages"}],"about":[{"href":"https:\/\/ateca.cl\/index.php\/wp-json\/wp\/v2\/types\/page"}],"author":[{"embeddable":true,"href":"https:\/\/ateca.cl\/index.php\/wp-json\/wp\/v2\/users\/1"}],"replies":[{"embeddable":true,"href":"https:\/\/ateca.cl\/index.php\/wp-json\/wp\/v2\/comments?post=4184"}],"version-history":[{"count":14,"href":"https:\/\/ateca.cl\/index.php\/wp-json\/wp\/v2\/pages\/4184\/revisions"}],"predecessor-version":[{"id":4598,"href":"https:\/\/ateca.cl\/index.php\/wp-json\/wp\/v2\/pages\/4184\/revisions\/4598"}],"up":[{"embeddable":true,"href":"https:\/\/ateca.cl\/index.php\/wp-json\/wp\/v2\/pages\/49"}],"wp:featuredmedia":[{"embeddable":true,"href":"https:\/\/ateca.cl\/index.php\/wp-json\/wp\/v2\/media\/2870"}],"wp:attachment":[{"href":"https:\/\/ateca.cl\/index.php\/wp-json\/wp\/v2\/media?parent=4184"}],"wp:term":[{"taxonomy":"category","embeddable":true,"href":"https:\/\/ateca.cl\/index.php\/wp-json\/wp\/v2\/categories?post=4184"},{"taxonomy":"post_tag","embeddable":true,"href":"https:\/\/ateca.cl\/index.php\/wp-json\/wp\/v2\/tags?post=4184"},{"taxonomy":"ciudad","embeddable":true,"href":"https:\/\/ateca.cl\/index.php\/wp-json\/wp\/v2\/ciudad?post=4184"},{"taxonomy":"obra","embeddable":true,"href":"https:\/\/ateca.cl\/index.php\/wp-json\/wp\/v2\/obra?post=4184"},{"taxonomy":"ano","embeddable":true,"href":"https:\/\/ateca.cl\/index.php\/wp-json\/wp\/v2\/ano?post=4184"},{"taxonomy":"credito","embeddable":true,"href":"https:\/\/ateca.cl\/index.php\/wp-json\/wp\/v2\/credito?post=4184"},{"taxonomy":"procedencia","embeddable":true,"href":"https:\/\/ateca.cl\/index.php\/wp-json\/wp\/v2\/procedencia?post=4184"},{"taxonomy":"codigo","embeddable":true,"href":"https:\/\/ateca.cl\/index.php\/wp-json\/wp\/v2\/codigo?post=4184"},{"taxonomy":"escenario","embeddable":true,"href":"https:\/\/ateca.cl\/index.php\/wp-json\/wp\/v2\/escenario?post=4184"}],"curies":[{"name":"wp","href":"https:\/\/api.w.org\/{rel}","templated":true}]}}