{"id":4239,"date":"2022-11-03T23:29:19","date_gmt":"2022-11-03T23:29:19","guid":{"rendered":"https:\/\/ateca.cl\/?page_id=4239"},"modified":"2022-12-16T19:08:45","modified_gmt":"2022-12-16T19:08:45","slug":"las-bienaventuranzas","status":"publish","type":"page","link":"https:\/\/ateca.cl\/index.php\/companias\/teatro-callejero\/las-bienaventuranzas\/","title":{"rendered":"Las bienaventuranzas"},"content":{"rendered":"\t\t<div data-elementor-type=\"wp-page\" data-elementor-id=\"4239\" class=\"elementor elementor-4239\">\n\t\t\t\t\t\t\t\t\t<section class=\"elementor-section elementor-top-section elementor-element elementor-element-c76daa elementor-section-boxed elementor-section-height-default elementor-section-height-default\" data-id=\"c76daa\" data-element_type=\"section\">\n\t\t\t\t\t\t<div class=\"elementor-container elementor-column-gap-default\">\n\t\t\t\t\t<div class=\"elementor-column elementor-col-50 elementor-top-column elementor-element elementor-element-24199b63\" data-id=\"24199b63\" data-element_type=\"column\">\n\t\t\t<div class=\"elementor-widget-wrap elementor-element-populated\">\n\t\t\t\t\t\t\t\t<div class=\"elementor-element elementor-element-145ec015 elementor-widget elementor-widget-theme-post-title elementor-page-title elementor-widget-heading\" data-id=\"145ec015\" data-element_type=\"widget\" data-widget_type=\"theme-post-title.default\">\n\t\t\t\t<div class=\"elementor-widget-container\">\n\t\t\t<style>\/*! elementor - v3.10.1 - 17-01-2023 *\/\n.elementor-heading-title{padding:0;margin:0;line-height:1}.elementor-widget-heading .elementor-heading-title[class*=elementor-size-]>a{color:inherit;font-size:inherit;line-height:inherit}.elementor-widget-heading .elementor-heading-title.elementor-size-small{font-size:15px}.elementor-widget-heading .elementor-heading-title.elementor-size-medium{font-size:19px}.elementor-widget-heading .elementor-heading-title.elementor-size-large{font-size:29px}.elementor-widget-heading .elementor-heading-title.elementor-size-xl{font-size:39px}.elementor-widget-heading .elementor-heading-title.elementor-size-xxl{font-size:59px}<\/style><h1 class=\"elementor-heading-title elementor-size-default\">Las bienaventuranzas<\/h1>\t\t<\/div>\n\t\t\t\t<\/div>\n\t\t\t\t<div class=\"elementor-element elementor-element-8e03f64 elementor-widget elementor-widget-text-editor\" data-id=\"8e03f64\" data-element_type=\"widget\" data-widget_type=\"text-editor.default\">\n\t\t\t\t<div class=\"elementor-widget-container\">\n\t\t\t<style>\/*! elementor - v3.10.1 - 17-01-2023 *\/\n.elementor-widget-text-editor.elementor-drop-cap-view-stacked .elementor-drop-cap{background-color:#818a91;color:#fff}.elementor-widget-text-editor.elementor-drop-cap-view-framed .elementor-drop-cap{color:#818a91;border:3px solid;background-color:transparent}.elementor-widget-text-editor:not(.elementor-drop-cap-view-default) .elementor-drop-cap{margin-top:8px}.elementor-widget-text-editor:not(.elementor-drop-cap-view-default) .elementor-drop-cap-letter{width:1em;height:1em}.elementor-widget-text-editor .elementor-drop-cap{float:left;text-align:center;line-height:1;font-size:50px}.elementor-widget-text-editor .elementor-drop-cap-letter{display:inline-block}<\/style>\t\t\t\t<p><strong>Director:<\/strong> Andr\u00e9s P\u00e9rez<\/p><p><strong>Teatristas:<\/strong> Maricarmen Arrigoriaga, Andrea Gaete, Paulina Hunt, Rosa Ram\u00edrez, Guillermo Altamirano, Tabo Meneses, Carlos Osorio, Aldo Parodi, Rodolfo Pulgar; Asesor\u00eda de vestuario y m\u00e1scaras: Maya Mora; Percusionista: Carlos Arizt\u00eda<\/p>\t\t\t\t\t\t<\/div>\n\t\t\t\t<\/div>\n\t\t\t\t\t<\/div>\n\t\t<\/div>\n\t\t\t\t<div class=\"elementor-column elementor-col-50 elementor-top-column elementor-element elementor-element-29d6ee11\" data-id=\"29d6ee11\" data-element_type=\"column\">\n\t\t\t<div class=\"elementor-widget-wrap\">\n\t\t\t\t\t\t\t\t\t<\/div>\n\t\t<\/div>\n\t\t\t\t\t\t\t<\/div>\n\t\t<\/section>\n\t\t\t\t<section class=\"elementor-section elementor-top-section elementor-element elementor-element-c7e07dd elementor-section-boxed elementor-section-height-default elementor-section-height-default\" data-id=\"c7e07dd\" data-element_type=\"section\">\n\t\t\t\t\t\t<div class=\"elementor-container elementor-column-gap-default\">\n\t\t\t\t\t<div class=\"elementor-column elementor-col-100 elementor-top-column elementor-element elementor-element-3cf39ff\" data-id=\"3cf39ff\" data-element_type=\"column\">\n\t\t\t<div class=\"elementor-widget-wrap elementor-element-populated\">\n\t\t\t\t\t\t\t\t<div class=\"elementor-element elementor-element-29f18db4 elementor-widget elementor-widget-heading\" data-id=\"29f18db4\" data-element_type=\"widget\" data-widget_type=\"heading.default\">\n\t\t\t\t<div class=\"elementor-widget-container\">\n\t\t\t<h2 class=\"elementor-heading-title elementor-size-default\">Video<\/h2>\t\t<\/div>\n\t\t\t\t<\/div>\n\t\t\t\t<div class=\"elementor-element elementor-element-46aff4c elementor-grid-3 elementor-grid-tablet-2 elementor-grid-mobile-1 elementor-widget elementor-widget-portfolio\" data-id=\"46aff4c\" data-element_type=\"widget\" data-settings=\"{&quot;columns&quot;:&quot;3&quot;,&quot;columns_tablet&quot;:&quot;2&quot;,&quot;columns_mobile&quot;:&quot;1&quot;,&quot;item_ratio&quot;:{&quot;unit&quot;:&quot;px&quot;,&quot;size&quot;:0.66,&quot;sizes&quot;:[]},&quot;item_gap&quot;:{&quot;unit&quot;:&quot;px&quot;,&quot;size&quot;:&quot;&quot;,&quot;sizes&quot;:[]},&quot;row_gap&quot;:{&quot;unit&quot;:&quot;px&quot;,&quot;size&quot;:&quot;&quot;,&quot;sizes&quot;:[]}}\" data-widget_type=\"portfolio.default\">\n\t\t\t\t<div class=\"elementor-widget-container\">\n\t\t\t<link rel=\"stylesheet\" href=\"https:\/\/ateca.cl\/wp-content\/plugins\/elementor-pro\/assets\/css\/widget-posts.min.css\">\t\t<div class=\"elementor-portfolio elementor-grid elementor-posts-container\">\n\t\t\t\t<article class=\"elementor-portfolio-item elementor-post  post-3064 post type-post status-publish format-standard has-post-thumbnail hentry category-teatro-callejero tag-video ciudad-santiago obra-las-bienaventuranzas ano-130 procedencia-rodolfo-pulgar\">\n\t\t\t<a class=\"elementor-post__thumbnail__link\" href=\"https:\/\/ateca.cl\/index.php\/2022\/10\/24\/las-bienaventuranzas-video\/\">\n\t\t\t\t<div class=\"elementor-portfolio-item__img elementor-post__thumbnail\">\n\t\t\t<img loading=\"lazy\" decoding=\"async\" width=\"300\" height=\"220\" src=\"https:\/\/ateca.cl\/wp-content\/uploads\/2022\/10\/bienaventuranzas-video-300x220.jpg\" class=\"attachment-medium size-medium wp-image-3065\" alt=\"\" srcset=\"https:\/\/ateca.cl\/wp-content\/uploads\/2022\/10\/bienaventuranzas-video-300x220.jpg 300w, https:\/\/ateca.cl\/wp-content\/uploads\/2022\/10\/bienaventuranzas-video-1024x751.jpg 1024w, https:\/\/ateca.cl\/wp-content\/uploads\/2022\/10\/bienaventuranzas-video-768x563.jpg 768w, https:\/\/ateca.cl\/wp-content\/uploads\/2022\/10\/bienaventuranzas-video.jpg 1472w\" sizes=\"auto, (max-width: 300px) 100vw, 300px\" \/>\t\t<\/div>\n\t\t\t\t<div class=\"elementor-portfolio-item__overlay\">\n\t\t\t\t<h3 class=\"elementor-portfolio-item__title\">\n\t\tRegistro Las Bienaventuranzas. Video\t\t<\/h3>\n\t\t\t\t<\/div>\n\t\t\t\t<\/a>\n\t\t<\/article>\n\t\t\t\t<\/div>\n\t\t\t\t<\/div>\n\t\t\t\t<\/div>\n\t\t\t\t\t<\/div>\n\t\t<\/div>\n\t\t\t\t\t\t\t<\/div>\n\t\t<\/section>\n\t\t\t\t<section class=\"elementor-section elementor-top-section elementor-element elementor-element-66f4b656 elementor-section-boxed elementor-section-height-default elementor-section-height-default\" data-id=\"66f4b656\" data-element_type=\"section\">\n\t\t\t\t\t\t<div class=\"elementor-container elementor-column-gap-default\">\n\t\t\t\t\t<div class=\"elementor-column elementor-col-100 elementor-top-column elementor-element elementor-element-7e3b307e\" data-id=\"7e3b307e\" data-element_type=\"column\">\n\t\t\t<div class=\"elementor-widget-wrap elementor-element-populated\">\n\t\t\t\t\t\t\t\t<div class=\"elementor-element elementor-element-6358ba8 elementor-widget elementor-widget-heading\" data-id=\"6358ba8\" data-element_type=\"widget\" data-widget_type=\"heading.default\">\n\t\t\t\t<div class=\"elementor-widget-container\">\n\t\t\t<h2 class=\"elementor-heading-title elementor-size-default\">documentos<\/h2>\t\t<\/div>\n\t\t\t\t<\/div>\n\t\t\t\t<div class=\"elementor-element elementor-element-3e816f9f elementor-grid-3 elementor-grid-tablet-2 elementor-grid-mobile-1 elementor-widget elementor-widget-portfolio\" data-id=\"3e816f9f\" data-element_type=\"widget\" data-settings=\"{&quot;row_gap&quot;:{&quot;unit&quot;:&quot;px&quot;,&quot;size&quot;:10,&quot;sizes&quot;:[]},&quot;columns&quot;:&quot;3&quot;,&quot;columns_tablet&quot;:&quot;2&quot;,&quot;columns_mobile&quot;:&quot;1&quot;,&quot;item_ratio&quot;:{&quot;unit&quot;:&quot;px&quot;,&quot;size&quot;:0.66,&quot;sizes&quot;:[]},&quot;item_gap&quot;:{&quot;unit&quot;:&quot;px&quot;,&quot;size&quot;:&quot;&quot;,&quot;sizes&quot;:[]}}\" data-widget_type=\"portfolio.default\">\n\t\t\t\t<div class=\"elementor-widget-container\">\n\t\t\t\t\t<div class=\"elementor-portfolio elementor-grid elementor-posts-container\">\n\t\t\t\t<article class=\"elementor-portfolio-item elementor-post  post-5005 post type-post status-publish format-standard has-post-thumbnail hentry category-teatro-callejero tag-prensa ciudad-santiago obra-las-bienaventuranzas ano-130 procedencia-rodolfo-pulgar\">\n\t\t\t<a class=\"elementor-post__thumbnail__link\" href=\"https:\/\/ateca.cl\/index.php\/2022\/11\/15\/bienaventuranzas\/\">\n\t\t\t\t<div class=\"elementor-portfolio-item__img elementor-post__thumbnail\">\n\t\t\t<img loading=\"lazy\" decoding=\"async\" width=\"768\" height=\"1300\" src=\"https:\/\/ateca.cl\/wp-content\/uploads\/2022\/11\/ATECA_11_01_03-768x1300.jpg\" class=\"attachment-medium_large size-medium_large wp-image-5006\" alt=\"\" srcset=\"https:\/\/ateca.cl\/wp-content\/uploads\/2022\/11\/ATECA_11_01_03-768x1300.jpg 768w, https:\/\/ateca.cl\/wp-content\/uploads\/2022\/11\/ATECA_11_01_03-177x300.jpg 177w, https:\/\/ateca.cl\/wp-content\/uploads\/2022\/11\/ATECA_11_01_03-605x1024.jpg 605w, https:\/\/ateca.cl\/wp-content\/uploads\/2022\/11\/ATECA_11_01_03-908x1536.jpg 908w, https:\/\/ateca.cl\/wp-content\/uploads\/2022\/11\/ATECA_11_01_03.jpg 1083w\" sizes=\"auto, (max-width: 768px) 100vw, 768px\" \/>\t\t<\/div>\n\t\t\t\t<div class=\"elementor-portfolio-item__overlay\">\n\t\t\t\t<h3 class=\"elementor-portfolio-item__title\">\n\t\tBienaventuranzas\t\t<\/h3>\n\t\t\t\t<\/div>\n\t\t\t\t<\/a>\n\t\t<\/article>\n\t\t\t\t<article class=\"elementor-portfolio-item elementor-post  post-5008 post type-post status-publish format-standard has-post-thumbnail hentry category-teatro-callejero tag-prensa ciudad-santiago obra-las-bienaventuranzas ano-130 procedencia-rodolfo-pulgar\">\n\t\t\t<a class=\"elementor-post__thumbnail__link\" href=\"https:\/\/ateca.cl\/index.php\/2022\/11\/15\/bienaventuranzas-andan-por-la-calle\/\">\n\t\t\t\t<div class=\"elementor-portfolio-item__img elementor-post__thumbnail\">\n\t\t\t<img loading=\"lazy\" decoding=\"async\" width=\"768\" height=\"727\" src=\"https:\/\/ateca.cl\/wp-content\/uploads\/2022\/11\/ATECA_11_01_04-768x727.jpg\" class=\"attachment-medium_large size-medium_large wp-image-5009\" alt=\"\" srcset=\"https:\/\/ateca.cl\/wp-content\/uploads\/2022\/11\/ATECA_11_01_04-768x727.jpg 768w, https:\/\/ateca.cl\/wp-content\/uploads\/2022\/11\/ATECA_11_01_04-300x284.jpg 300w, https:\/\/ateca.cl\/wp-content\/uploads\/2022\/11\/ATECA_11_01_04-1024x970.jpg 1024w, https:\/\/ateca.cl\/wp-content\/uploads\/2022\/11\/ATECA_11_01_04.jpg 1058w\" sizes=\"auto, (max-width: 768px) 100vw, 768px\" \/>\t\t<\/div>\n\t\t\t\t<div class=\"elementor-portfolio-item__overlay\">\n\t\t\t\t<h3 class=\"elementor-portfolio-item__title\">\n\t\tBienaventuranzas andan por la calle\t\t<\/h3>\n\t\t\t\t<\/div>\n\t\t\t\t<\/a>\n\t\t<\/article>\n\t\t\t\t<article class=\"elementor-portfolio-item elementor-post  post-5028 post type-post status-publish format-standard has-post-thumbnail hentry category-teatro-callejero tag-prensa ciudad-santiago obra-las-bienaventuranzas ano-130 procedencia-rodolfo-pulgar\">\n\t\t\t<a class=\"elementor-post__thumbnail__link\" href=\"https:\/\/ateca.cl\/index.php\/2022\/11\/15\/fotocopia-de-fotografia-bienaventuranzas\/\">\n\t\t\t\t<div class=\"elementor-portfolio-item__img elementor-post__thumbnail\">\n\t\t\t<img loading=\"lazy\" decoding=\"async\" width=\"768\" height=\"549\" src=\"https:\/\/ateca.cl\/wp-content\/uploads\/2022\/11\/ATECA_11_01_05-768x549.jpg\" class=\"attachment-medium_large size-medium_large wp-image-5029\" alt=\"\" srcset=\"https:\/\/ateca.cl\/wp-content\/uploads\/2022\/11\/ATECA_11_01_05-768x549.jpg 768w, https:\/\/ateca.cl\/wp-content\/uploads\/2022\/11\/ATECA_11_01_05-300x215.jpg 300w, https:\/\/ateca.cl\/wp-content\/uploads\/2022\/11\/ATECA_11_01_05-1024x732.jpg 1024w, https:\/\/ateca.cl\/wp-content\/uploads\/2022\/11\/ATECA_11_01_05-1536x1099.jpg 1536w, https:\/\/ateca.cl\/wp-content\/uploads\/2022\/11\/ATECA_11_01_05-2048x1465.jpg 2048w\" sizes=\"auto, (max-width: 768px) 100vw, 768px\" \/>\t\t<\/div>\n\t\t\t\t<div class=\"elementor-portfolio-item__overlay\">\n\t\t\t\t<h3 class=\"elementor-portfolio-item__title\">\n\t\tFotocopia de fotograf\u00eda Bienaventuranzas\t\t<\/h3>\n\t\t\t\t<\/div>\n\t\t\t\t<\/a>\n\t\t<\/article>\n\t\t\t\t<article class=\"elementor-portfolio-item elementor-post  post-4992 post type-post status-publish format-standard has-post-thumbnail hentry category-teatro-callejero ciudad-santiago obra-las-bienaventuranzas ano-130 credito-la-segunda procedencia-rodolfo-pulgar\">\n\t\t\t<a class=\"elementor-post__thumbnail__link\" href=\"https:\/\/ateca.cl\/index.php\/2022\/11\/15\/registro-las-bienaventuranzas-video\/\">\n\t\t\t\t<div class=\"elementor-portfolio-item__img elementor-post__thumbnail\">\n\t\t\t<img loading=\"lazy\" decoding=\"async\" width=\"768\" height=\"789\" src=\"https:\/\/ateca.cl\/wp-content\/uploads\/2022\/11\/ATECA_11_01_01-768x789.jpg\" class=\"attachment-medium_large size-medium_large wp-image-5000\" alt=\"\" srcset=\"https:\/\/ateca.cl\/wp-content\/uploads\/2022\/11\/ATECA_11_01_01-768x789.jpg 768w, https:\/\/ateca.cl\/wp-content\/uploads\/2022\/11\/ATECA_11_01_01-292x300.jpg 292w, https:\/\/ateca.cl\/wp-content\/uploads\/2022\/11\/ATECA_11_01_01-997x1024.jpg 997w, https:\/\/ateca.cl\/wp-content\/uploads\/2022\/11\/ATECA_11_01_01-1495x1536.jpg 1495w, https:\/\/ateca.cl\/wp-content\/uploads\/2022\/11\/ATECA_11_01_01.jpg 1648w\" sizes=\"auto, (max-width: 768px) 100vw, 768px\" \/>\t\t<\/div>\n\t\t\t\t<div class=\"elementor-portfolio-item__overlay\">\n\t\t\t\t<h3 class=\"elementor-portfolio-item__title\">\n\t\tLas \u00abBienaventuranzas\u00bb muestra Teatro Callejero\u00bb\t\t<\/h3>\n\t\t\t\t<\/div>\n\t\t\t\t<\/a>\n\t\t<\/article>\n\t\t\t\t<article class=\"elementor-portfolio-item elementor-post  post-5043 post type-post status-publish format-standard has-post-thumbnail hentry category-teatro-callejero tag-prensa ciudad-santiago obra-las-bienaventuranzas ano-130 procedencia-rodolfo-pulgar\">\n\t\t\t<a class=\"elementor-post__thumbnail__link\" href=\"https:\/\/ateca.cl\/index.php\/2022\/11\/15\/teatro-callejero-bienaventuranzas\/\">\n\t\t\t\t<div class=\"elementor-portfolio-item__img elementor-post__thumbnail\">\n\t\t\t<img loading=\"lazy\" decoding=\"async\" width=\"768\" height=\"1100\" src=\"https:\/\/ateca.cl\/wp-content\/uploads\/2022\/11\/ATECA_11_01_06-768x1100.jpg\" class=\"attachment-medium_large size-medium_large wp-image-5044\" alt=\"\" srcset=\"https:\/\/ateca.cl\/wp-content\/uploads\/2022\/11\/ATECA_11_01_06-768x1100.jpg 768w, https:\/\/ateca.cl\/wp-content\/uploads\/2022\/11\/ATECA_11_01_06-209x300.jpg 209w, https:\/\/ateca.cl\/wp-content\/uploads\/2022\/11\/ATECA_11_01_06-715x1024.jpg 715w, https:\/\/ateca.cl\/wp-content\/uploads\/2022\/11\/ATECA_11_01_06-1072x1536.jpg 1072w, https:\/\/ateca.cl\/wp-content\/uploads\/2022\/11\/ATECA_11_01_06-1430x2048.jpg 1430w, https:\/\/ateca.cl\/wp-content\/uploads\/2022\/11\/ATECA_11_01_06-scaled.jpg 1787w\" sizes=\"auto, (max-width: 768px) 100vw, 768px\" \/>\t\t<\/div>\n\t\t\t\t<div class=\"elementor-portfolio-item__overlay\">\n\t\t\t\t<h3 class=\"elementor-portfolio-item__title\">\n\t\tTeatro callejero Bienaventuranzas\t\t<\/h3>\n\t\t\t\t<\/div>\n\t\t\t\t<\/a>\n\t\t<\/article>\n\t\t\t\t<article class=\"elementor-portfolio-item elementor-post  post-5002 post type-post status-publish format-standard has-post-thumbnail hentry category-teatro-callejero ciudad-santiago obra-las-bienaventuranzas ano-130 credito-el-mercurio procedencia-rodolfo-pulgar\">\n\t\t\t<a class=\"elementor-post__thumbnail__link\" href=\"https:\/\/ateca.cl\/index.php\/2022\/11\/15\/teatro-callejero-en-el-parque-bustamante\/\">\n\t\t\t\t<div class=\"elementor-portfolio-item__img elementor-post__thumbnail\">\n\t\t\t<img loading=\"lazy\" decoding=\"async\" width=\"768\" height=\"639\" src=\"https:\/\/ateca.cl\/wp-content\/uploads\/2022\/11\/ATECA_11_01_02-768x639.jpg\" class=\"attachment-medium_large size-medium_large wp-image-5003\" alt=\"\" srcset=\"https:\/\/ateca.cl\/wp-content\/uploads\/2022\/11\/ATECA_11_01_02-768x639.jpg 768w, https:\/\/ateca.cl\/wp-content\/uploads\/2022\/11\/ATECA_11_01_02-300x250.jpg 300w, https:\/\/ateca.cl\/wp-content\/uploads\/2022\/11\/ATECA_11_01_02-1024x852.jpg 1024w, https:\/\/ateca.cl\/wp-content\/uploads\/2022\/11\/ATECA_11_01_02.jpg 1523w\" sizes=\"auto, (max-width: 768px) 100vw, 768px\" \/>\t\t<\/div>\n\t\t\t\t<div class=\"elementor-portfolio-item__overlay\">\n\t\t\t\t<h3 class=\"elementor-portfolio-item__title\">\n\t\tTeatro callejero en el Parque Bustamante\t\t<\/h3>\n\t\t\t\t<\/div>\n\t\t\t\t<\/a>\n\t\t<\/article>\n\t\t\t\t<\/div>\n\t\t\t\t<\/div>\n\t\t\t\t<\/div>\n\t\t\t\t\t<\/div>\n\t\t<\/div>\n\t\t\t\t\t\t\t<\/div>\n\t\t<\/section>\n\t\t\t\t\t\t\t<\/div>\n\t\t","protected":false},"excerpt":{"rendered":"<p>Director: Andr\u00e9s P\u00e9rez Teatristas: Maricarmen Arrigoriaga, Andrea Gaete, Paulina Hunt, Rosa Ram\u00edrez, Guillermo Altamirano, Tabo Meneses, Carlos Osorio, Aldo Parodi, Rodolfo Pulgar; Asesor\u00eda de vestuario y m\u00e1scaras: Maya Mora; Percusionista: Carlos Arizt\u00eda Video documentos<\/p>\n","protected":false},"author":1,"featured_media":5044,"parent":51,"menu_order":0,"comment_status":"closed","ping_status":"closed","template":"","meta":{"_acf_changed":false,"footnotes":""},"categories":[50],"tags":[],"ciudad":[],"obra":[],"ano":[130],"credito":[],"procedencia":[],"codigo":[],"escenario":[274,275,278,277,276],"class_list":["post-4239","page","type-page","status-publish","has-post-thumbnail","hentry","category-teatro-callejero","ano-130","escenario-iglesia-santa-gema","escenario-parque-bustamante","escenario-santuario-de-la-virgen-del-cerro-san-cristobal","escenario-unicentro","escenario-vicaria-oriente"],"acf":[],"_links":{"self":[{"href":"https:\/\/ateca.cl\/index.php\/wp-json\/wp\/v2\/pages\/4239","targetHints":{"allow":["GET"]}}],"collection":[{"href":"https:\/\/ateca.cl\/index.php\/wp-json\/wp\/v2\/pages"}],"about":[{"href":"https:\/\/ateca.cl\/index.php\/wp-json\/wp\/v2\/types\/page"}],"author":[{"embeddable":true,"href":"https:\/\/ateca.cl\/index.php\/wp-json\/wp\/v2\/users\/1"}],"replies":[{"embeddable":true,"href":"https:\/\/ateca.cl\/index.php\/wp-json\/wp\/v2\/comments?post=4239"}],"version-history":[{"count":14,"href":"https:\/\/ateca.cl\/index.php\/wp-json\/wp\/v2\/pages\/4239\/revisions"}],"predecessor-version":[{"id":5410,"href":"https:\/\/ateca.cl\/index.php\/wp-json\/wp\/v2\/pages\/4239\/revisions\/5410"}],"up":[{"embeddable":true,"href":"https:\/\/ateca.cl\/index.php\/wp-json\/wp\/v2\/pages\/51"}],"wp:featuredmedia":[{"embeddable":true,"href":"https:\/\/ateca.cl\/index.php\/wp-json\/wp\/v2\/media\/5044"}],"wp:attachment":[{"href":"https:\/\/ateca.cl\/index.php\/wp-json\/wp\/v2\/media?parent=4239"}],"wp:term":[{"taxonomy":"category","embeddable":true,"href":"https:\/\/ateca.cl\/index.php\/wp-json\/wp\/v2\/categories?post=4239"},{"taxonomy":"post_tag","embeddable":true,"href":"https:\/\/ateca.cl\/index.php\/wp-json\/wp\/v2\/tags?post=4239"},{"taxonomy":"ciudad","embeddable":true,"href":"https:\/\/ateca.cl\/index.php\/wp-json\/wp\/v2\/ciudad?post=4239"},{"taxonomy":"obra","embeddable":true,"href":"https:\/\/ateca.cl\/index.php\/wp-json\/wp\/v2\/obra?post=4239"},{"taxonomy":"ano","embeddable":true,"href":"https:\/\/ateca.cl\/index.php\/wp-json\/wp\/v2\/ano?post=4239"},{"taxonomy":"credito","embeddable":true,"href":"https:\/\/ateca.cl\/index.php\/wp-json\/wp\/v2\/credito?post=4239"},{"taxonomy":"procedencia","embeddable":true,"href":"https:\/\/ateca.cl\/index.php\/wp-json\/wp\/v2\/procedencia?post=4239"},{"taxonomy":"codigo","embeddable":true,"href":"https:\/\/ateca.cl\/index.php\/wp-json\/wp\/v2\/codigo?post=4239"},{"taxonomy":"escenario","embeddable":true,"href":"https:\/\/ateca.cl\/index.php\/wp-json\/wp\/v2\/escenario?post=4239"}],"curies":[{"name":"wp","href":"https:\/\/api.w.org\/{rel}","templated":true}]}}